{"id":800,"date":"2022-05-28T22:06:24","date_gmt":"2022-05-28T22:06:24","guid":{"rendered":"https:\/\/traccion4x4peru.com\/training\/?page_id=760"},"modified":"2025-07-13T20:43:43","modified_gmt":"2025-07-14T01:43:43","slug":"jimena-diaz-zapater","status":"publish","type":"page","link":"https:\/\/traccion4x4peru.com\/training\/jimena-diaz-zapater\/","title":{"rendered":"Jimena D\u00edaz Zapater"},"content":{"rendered":"\t\t<div data-elementor-type=\"wp-page\" data-elementor-id=\"800\" class=\"elementor elementor-800\">\n\t\t\t\t\t\t<section class=\"elementor-section elementor-top-section elementor-element elementor-element-510082c animated-slow elementor-section-boxed elementor-section-height-default elementor-section-height-default elementor-invisible\" data-id=\"510082c\" data-element_type=\"section\" data-e-type=\"section\" data-settings=\"{&quot;animation&quot;:&quot;zoomIn&quot;}\">\n\t\t\t\t\t\t<div class=\"elementor-container elementor-column-gap-default\">\n\t\t\t\t\t<div class=\"elementor-column elementor-col-100 elementor-top-column elementor-element elementor-element-35a2fb9\" data-id=\"35a2fb9\" data-element_type=\"column\" data-e-type=\"column\">\n\t\t\t<div class=\"elementor-widget-wrap elementor-element-populated\">\n\t\t\t\t\t\t<div class=\"elementor-element elementor-element-091f2df elementor-widget elementor-widget-total-plus-team-block\" data-id=\"091f2df\" data-element_type=\"widget\" data-e-type=\"widget\" data-widget_type=\"total-plus-team-block.default\">\n\t\t\t\t<div class=\"elementor-widget-container\">\n\t\t\t\t\t        <div class=\"tp-team-member tp-style1\">\r\n            <div class=\"tp-team-member-inner\">\r\n\r\n                <div class=\"tp-team-image\">\r\n                    <img fetchpriority=\"high\" decoding=\"async\" data-attachment-id=\"511\" data-permalink=\"https:\/\/traccion4x4peru.com\/training\/p1170959\/\" data-orig-file=\"https:\/\/i0.wp.com\/traccion4x4peru.com\/training\/wp-content\/uploads\/2022\/05\/P1170959-scaled-e1655333270611.jpg?fit=430%2C453&amp;ssl=1\" data-orig-size=\"430,453\" data-comments-opened=\"1\" data-image-meta=\"{&quot;aperture&quot;:&quot;5.6&quot;,&quot;credit&quot;:&quot;&quot;,&quot;camera&quot;:&quot;DMC-FZ28&quot;,&quot;caption&quot;:&quot;&quot;,&quot;created_timestamp&quot;:&quot;1478015822&quot;,&quot;copyright&quot;:&quot;&quot;,&quot;focal_length&quot;:&quot;7.4&quot;,&quot;iso&quot;:&quot;100&quot;,&quot;shutter_speed&quot;:&quot;0.0025&quot;,&quot;title&quot;:&quot;&quot;,&quot;orientation&quot;:&quot;1&quot;}\" data-image-title=\"Jimena D\u00edaz Zapater &amp;#8211; Tracci\u00f3n 4&amp;#215;4 Per\u00fa\u00a9\" data-image-description=\"&lt;p&gt;Jimena D\u00edaz Zapater &amp;#8211; Tracci\u00f3n 4&amp;#215;4 Per\u00fa\u00a9 &lt;\/p&gt;\n\" data-image-caption=\"\" data-large-file=\"https:\/\/i0.wp.com\/traccion4x4peru.com\/training\/wp-content\/uploads\/2022\/05\/P1170959-scaled-e1655333270611.jpg?fit=840%2C884&amp;ssl=1\" width=\"430\" height=\"453\" src=\"https:\/\/i0.wp.com\/traccion4x4peru.com\/training\/wp-content\/uploads\/2022\/05\/P1170959-scaled-e1655333270611.jpg?fit=430%2C453&amp;ssl=1\" class=\"attachment-full size-full wp-image-511\" alt=\"Jimena D\u00edaz Zapater - Tracci\u00f3n 4x4 Per\u00fa\u00a9\" srcset=\"https:\/\/i0.wp.com\/traccion4x4peru.com\/training\/wp-content\/uploads\/2022\/05\/P1170959-scaled-e1655333270611.jpg?w=430&amp;ssl=1 430w, https:\/\/i0.wp.com\/traccion4x4peru.com\/training\/wp-content\/uploads\/2022\/05\/P1170959-scaled-e1655333270611.jpg?resize=285%2C300&amp;ssl=1 285w\" sizes=\"(max-width: 430px) 100vw, 430px\" data-attachment-id=\"511\" data-permalink=\"https:\/\/traccion4x4peru.com\/training\/p1170959\/\" data-orig-file=\"https:\/\/i0.wp.com\/traccion4x4peru.com\/training\/wp-content\/uploads\/2022\/05\/P1170959-scaled-e1655333270611.jpg?fit=430%2C453&amp;ssl=1\" data-orig-size=\"430,453\" data-comments-opened=\"1\" data-image-meta=\"{&quot;aperture&quot;:&quot;5.6&quot;,&quot;credit&quot;:&quot;&quot;,&quot;camera&quot;:&quot;DMC-FZ28&quot;,&quot;caption&quot;:&quot;&quot;,&quot;created_timestamp&quot;:&quot;1478015822&quot;,&quot;copyright&quot;:&quot;&quot;,&quot;focal_length&quot;:&quot;7.4&quot;,&quot;iso&quot;:&quot;100&quot;,&quot;shutter_speed&quot;:&quot;0.0025&quot;,&quot;title&quot;:&quot;&quot;,&quot;orientation&quot;:&quot;1&quot;}\" data-image-title=\"Jimena D\u00edaz Zapater &amp;#8211; Tracci\u00f3n 4&amp;#215;4 Per\u00fa\u00a9\" data-image-description=\"&lt;p&gt;Jimena D\u00edaz Zapater &amp;#8211; Tracci\u00f3n 4&amp;#215;4 Per\u00fa\u00a9 &lt;\/p&gt;\n\" data-image-caption=\"\" data-large-file=\"https:\/\/i0.wp.com\/traccion4x4peru.com\/training\/wp-content\/uploads\/2022\/05\/P1170959-scaled-e1655333270611.jpg?fit=840%2C884&amp;ssl=1\" \/>\r\n\r\n                    \r\n                                    <\/div>\r\n\r\n                                    <div class=\"tp-title-wrap\">\r\n                        <h5 class=\"tp-team-title\">Jimena D\u00edaz Zapater<\/h5>\r\n                    <\/div>\r\n                \r\n                <div class=\"tp-team-member-content\">\r\n                    <div class=\"tp-team-member-excerpt\">\r\n                        <div class=\"tp-team-member-span\">\r\n                                                            <h5 class=\"tp-team-title\">Jimena D\u00edaz Zapater<\/h5>\r\n                            \r\n                                                            <div class=\"tp-team-designation\">Directora del Centro de Entrenamiento en TRACCI\u00d3N 4X4 PER\u00da\u00a9<\/div>\r\n                            \r\n                            \r\n                                                                    <div class=\"tp-team-social-id\">\r\n                                                                                    <a href=\"https:\/\/www.linkedin.com\/in\/jimenad%C3%ADaz\/\" target=\"_blank\" rel=\"noopener\">\r\n                                                <i aria-hidden=\"true\" class=\"fab fa-linkedin\"><\/i>                                            <\/a>\r\n                                                                            <\/div>\r\n                                                            <\/div>\r\n                    <\/div>\r\n                <\/div>\r\n            <\/div>\r\n        <\/div>\r\n\r\n        \t\t\t\t<\/div>\n\t\t\t\t<\/div>\n\t\t\t\t\t<\/div>\n\t\t<\/div>\n\t\t\t\t\t<\/div>\n\t\t<\/section>\n\t\t\t\t<section class=\"elementor-section elementor-top-section elementor-element elementor-element-b3ebfbf elementor-section-boxed elementor-section-height-default elementor-section-height-default\" data-id=\"b3ebfbf\" data-element_type=\"section\" data-e-type=\"section\">\n\t\t\t\t\t\t<div class=\"elementor-container elementor-column-gap-default\">\n\t\t\t\t\t<div class=\"elementor-column elementor-col-100 elementor-top-column elementor-element elementor-element-ad3f43f\" data-id=\"ad3f43f\" data-element_type=\"column\" data-e-type=\"column\">\n\t\t\t<div class=\"elementor-widget-wrap elementor-element-populated\">\n\t\t\t\t\t\t<div class=\"elementor-element elementor-element-f7ded5f elementor-widget elementor-widget-text-editor\" data-id=\"f7ded5f\" data-element_type=\"widget\" data-e-type=\"widget\" data-widget_type=\"text-editor.default\">\n\t\t\t\t<div class=\"elementor-widget-container\">\n\t\t\t\t\t\t\t\t\t<h6><strong><em>Directora del Centro de Entrenamiento <\/em>en <a href=\"https:\/\/traccion4x4peru.com\/\" target=\"_blank\" rel=\"noopener\">TRACCI\u00d3N 4X4 PER\u00da\u00a9<\/a><\/strong><\/h6><p><em>&#8211; Licenciada en Educaci\u00f3n con <\/em><em>Maestr\u00eda en Tecnolog\u00eda Educativa.<br \/>&#8211; Instructora Senior en Manejo Seguro y Defensivo de Veh\u00edculos.<br \/>&#8211; Especialista en Docencia Digital.<br \/>&#8211; Especialista en Metodolog\u00edas \u00e1giles: Design Thinking\u00a9, LEGO Serious Play\u00a9.<br \/>&#8211; Especialista en Seguridad Vial.<br \/>&#8211; Especialista en Gesti\u00f3n de Proyectos Educativos.<br \/>&#8211; Especialista en Neuroeducaci\u00f3n. <br \/>&#8211; Gu\u00eda de Traves\u00edas 4&#215;4 y especialista en log\u00edstica de viajes.<\/em><\/p><p><em><br \/>&#8211; Miembro del equipo organizacional de <a href=\"https:\/\/traccion4x4peru.com\/\" target=\"_blank\" rel=\"noopener\">Tracci\u00f3n 4&#215;4 Per\u00fa\u00a9<\/a>, desde el 2000.<br \/>&#8211; Miembro de la Sociedad Americana de la Calidad, desde el 2017. <br \/>&#8211; Miembro asociado del Centro Cultural Peruano Norteamericano de Arequipa, desde el 2010.<br \/>&#8211; Miembro del Consejo Directivo de la Asociaci\u00f3n Un\u00e1monos, desde el 2015.<br \/>&#8211; Miembro del Consejo Directivo del Proyecto Yunta, desde el 2016.<\/em><\/p><p><em><br \/>&#8211; Gerente de Delivery en LHH-DBM, Per\u00fa, desde el 2022.<br \/>&#8211; Consultora Asociada de LHH-DBM, Per\u00fa, desde el 2018-2021.<br \/>&#8211; Directora del Centro de Educaci\u00f3n Especial Un\u00e1monos, de Arequipa (2012 &#8211; 2021).<br \/>&#8211; Directora del Colegio Anglo Americano Prescott de Arequipa (2005 \u2013 2011).<br \/>&#8211; Directora de Estudios del Colegio de Aplicaci\u00f3n de la Universidad de Piura Ceibos, en Chiclayo (2000).<br \/>&#8211; Consultora en el Proyecto de Educaci\u00f3n Rural Mirasol, Mu\u00f1ani, Az\u00e1ngaro, Puno (2008 \u2013 2009).<br \/>&#8211; Capacitadora de la Escuela de Asesoramiento y Capacitaci\u00f3n Pedag\u00f3gica, Lima (1998 \u2013 1999 \u2013 2001).<br \/>&#8211; Colaboradora de redacci\u00f3n en textos de Geograf\u00eda e Historia de la Editorial EQUO, Lima (1998 &#8211; 1999).<br \/>&#8211; Conferencista en jornadas pedag\u00f3gicas y eventos universitarios, desde 1998.<br \/>&#8211; Escritora de art\u00edculos en revistas especializadas en Educaci\u00f3n y en Seguridad, desde el 2006.<br \/>&#8211; Asesora en gesti\u00f3n de centros educativos.<br \/>&#8211; Asesora en orientaci\u00f3n pedag\u00f3gica de familias y en did\u00e1ctica en educaci\u00f3n superior<\/em><em>.<\/em><\/p>\t\t\t\t\t\t\t\t<\/div>\n\t\t\t\t<\/div>\n\t\t\t\t\t<\/div>\n\t\t<\/div>\n\t\t\t\t\t<\/div>\n\t\t<\/section>\n\t\t\t\t<\/div>\n\t\t","protected":false},"excerpt":{"rendered":"<p>Jimena D\u00edaz Zapater Jimena D\u00edaz Zapater Directora del Centro de Entrenamiento en TRACCI\u00d3N 4X4 PER\u00da\u00a9 Directora del Centro de Entrenamiento en TRACCI\u00d3N 4X4 PER\u00da\u00a9 &#8211; Licenciada en Educaci\u00f3n con Maestr\u00eda en Tecnolog\u00eda Educativa. &#8211; Instructora Senior en Manejo Seguro y Defensivo de Veh\u00edculos. &#8211; Especialista en Docencia Digital. &#8211; Especialista en Metodolog\u00edas \u00e1giles: Design Thinking\u00a9, [&hellip;]<\/p>\n","protected":false},"author":1,"featured_media":511,"parent":0,"menu_order":0,"comment_status":"closed","ping_status":"closed","template":"","meta":{"footnotes":""},"class_list":["post-800","page","type-page","status-publish","has-post-thumbnail","hentry"],"jetpack_shortlink":"https:\/\/wp.me\/Pe4SCj-cU","jetpack_sharing_enabled":true,"_links":{"self":[{"href":"https:\/\/traccion4x4peru.com\/training\/wp-json\/wp\/v2\/pages\/800","targetHints":{"allow":["GET"]}}],"collection":[{"href":"https:\/\/traccion4x4peru.com\/training\/wp-json\/wp\/v2\/pages"}],"about":[{"href":"https:\/\/traccion4x4peru.com\/training\/wp-json\/wp\/v2\/types\/page"}],"author":[{"embeddable":true,"href":"https:\/\/traccion4x4peru.com\/training\/wp-json\/wp\/v2\/users\/1"}],"replies":[{"embeddable":true,"href":"https:\/\/traccion4x4peru.com\/training\/wp-json\/wp\/v2\/comments?post=800"}],"version-history":[{"count":55,"href":"https:\/\/traccion4x4peru.com\/training\/wp-json\/wp\/v2\/pages\/800\/revisions"}],"predecessor-version":[{"id":3017,"href":"https:\/\/traccion4x4peru.com\/training\/wp-json\/wp\/v2\/pages\/800\/revisions\/3017"}],"wp:featuredmedia":[{"embeddable":true,"href":"https:\/\/traccion4x4peru.com\/training\/wp-json\/wp\/v2\/media\/511"}],"wp:attachment":[{"href":"https:\/\/traccion4x4peru.com\/training\/wp-json\/wp\/v2\/media?parent=800"}],"curies":[{"name":"wp","href":"https:\/\/api.w.org\/{rel}","templated":true}]}}