{"id":4687,"date":"2022-07-03T16:03:48","date_gmt":"2022-07-03T21:03:48","guid":{"rendered":"https:\/\/traccion4x4peru.com\/offroad\/?page_id=4687"},"modified":"2025-07-13T18:34:22","modified_gmt":"2025-07-13T23:34:22","slug":"sudamerica-xp","status":"publish","type":"page","link":"https:\/\/traccion4x4peru.com\/offroad\/sudamerica-xp\/","title":{"rendered":"Sudam\u00e9rica XP\u00a9"},"content":{"rendered":"\t\t<div data-elementor-type=\"wp-page\" data-elementor-id=\"4687\" class=\"elementor elementor-4687\">\n\t\t\t\t\t\t<section class=\"elementor-section elementor-top-section elementor-element elementor-element-ccc5663 elementor-section-boxed elementor-section-height-default elementor-section-height-default\" data-id=\"ccc5663\" data-element_type=\"section\" data-e-type=\"section\">\n\t\t\t\t\t\t<div class=\"elementor-container elementor-column-gap-default\">\n\t\t\t\t\t<div class=\"elementor-column elementor-col-100 elementor-top-column elementor-element elementor-element-b92af22\" data-id=\"b92af22\" data-element_type=\"column\" data-e-type=\"column\">\n\t\t\t<div class=\"elementor-widget-wrap elementor-element-populated\">\n\t\t\t\t\t\t<div class=\"elementor-element elementor-element-36be88c elementor-widget elementor-widget-spacer\" data-id=\"36be88c\" data-element_type=\"widget\" data-e-type=\"widget\" data-widget_type=\"spacer.default\">\n\t\t\t\t<div class=\"elementor-widget-container\">\n\t\t\t\t\t\t\t<div class=\"elementor-spacer\">\n\t\t\t<div class=\"elementor-spacer-inner\"><\/div>\n\t\t<\/div>\n\t\t\t\t\t\t<\/div>\n\t\t\t\t<\/div>\n\t\t\t\t\t<\/div>\n\t\t<\/div>\n\t\t\t\t\t<\/div>\n\t\t<\/section>\n\t\t\t\t<section class=\"elementor-section elementor-top-section elementor-element elementor-element-64a3d14 elementor-section-boxed elementor-section-height-default elementor-section-height-default\" data-id=\"64a3d14\" data-element_type=\"section\" data-e-type=\"section\">\n\t\t\t\t\t\t<div class=\"elementor-container elementor-column-gap-default\">\n\t\t\t\t\t<div class=\"elementor-column elementor-col-100 elementor-top-column elementor-element elementor-element-7e8ef1f\" data-id=\"7e8ef1f\" data-element_type=\"column\" data-e-type=\"column\">\n\t\t\t<div class=\"elementor-widget-wrap elementor-element-populated\">\n\t\t\t\t\t\t<div class=\"elementor-element elementor-element-1fbf520 elementor-widget elementor-widget-heading\" data-id=\"1fbf520\" data-element_type=\"widget\" data-e-type=\"widget\" data-widget_type=\"heading.default\">\n\t\t\t\t<div class=\"elementor-widget-container\">\n\t\t\t\t\t<h2 class=\"elementor-heading-title elementor-size-default\">Expediciones VIP Internacionales<\/h2>\t\t\t\t<\/div>\n\t\t\t\t<\/div>\n\t\t\t\t\t<\/div>\n\t\t<\/div>\n\t\t\t\t\t<\/div>\n\t\t<\/section>\n\t\t\t\t<section class=\"elementor-section elementor-top-section elementor-element elementor-element-4fc43e1 elementor-section-boxed elementor-section-height-default elementor-section-height-default\" data-id=\"4fc43e1\" data-element_type=\"section\" data-e-type=\"section\">\n\t\t\t\t\t\t<div class=\"elementor-container elementor-column-gap-default\">\n\t\t\t\t\t<div class=\"elementor-column elementor-col-100 elementor-top-column elementor-element elementor-element-145368a\" data-id=\"145368a\" data-element_type=\"column\" data-e-type=\"column\">\n\t\t\t<div class=\"elementor-widget-wrap elementor-element-populated\">\n\t\t\t\t\t\t<div class=\"elementor-element elementor-element-0c2dc7d elementor-widget elementor-widget-text-editor\" data-id=\"0c2dc7d\" data-element_type=\"widget\" data-e-type=\"widget\" data-widget_type=\"text-editor.default\">\n\t\t\t\t<div class=\"elementor-widget-container\">\n\t\t\t\t\t\t\t\t\t<p data-start=\"156\" data-end=\"519\">Sudam\u00e9rica es el escenario ideal para los apasionados del formato Overland. Su geograf\u00eda diversa despliega una impresionante variedad de paisajes que invitan a la exploraci\u00f3n activa, aut\u00e9ntica y segura. Te&nbsp;ofrecemos la oportunidad de recorrer estos rincones poco conocidos, con el respaldo de a\u00f1os de experiencia en expediciones reales.<\/p>\n<p data-start=\"521\" data-end=\"701\">Pero hay algo que debes saber: para vivir una verdadera traves\u00eda de varios d\u00edas, no basta con un buen veh\u00edculo. Se necesita algo m\u00e1s profundo: una generosa dosis de Esp\u00edritu 4&#215;4. Compartiremos contigo vivencias reales en la ruta. Te extendemos una invitaci\u00f3n directa y apasionada a sumergirte en cada kil\u00f3metro, en cada campamento, en cada decisi\u00f3n tomada frente al terreno.<\/p>\n<p data-start=\"900\" data-end=\"1059\">Descubre la esencia de nuestras expediciones en nuestro canal de <a class=\"\" href=\"https:\/\/www.youtube.com\/@traccion4x4go\" target=\"_new\" rel=\"noopener\" data-start=\"968\" data-end=\"1017\">YouTube<\/a>, tu ventana a la aventura en estado puro.<\/p>\n<p data-start=\"1061\" data-end=\"1351\">Prep\u00e1rate para disfrutar paisajes que te dejar\u00e1n sin aliento, desaf\u00edos que pondr\u00e1n a prueba tu temple, y momentos que quedar\u00e1n grabados como verdaderos hitos en tu historia personal.&nbsp;<\/p>\n<p data-start=\"1061\" data-end=\"1351\">T\u00fa eliges el rumbo. Nosotros te preparamos la ruta seg\u00fan tus intereses, nivel de experiencia y estilo de viaje.<\/p>\n<p data-start=\"1353\" data-end=\"1452\">\ud83d\udd17 S\u00edguenos en nuestras redes: <a class=\"\" href=\"https:\/\/linktr.ee\/traccion4x4go\" data-start=\"1409\" data-end=\"1452\" target=\"_blank\" rel=\"noopener\">Social Media Links<\/a><\/p>\t\t\t\t\t\t\t\t<\/div>\n\t\t\t\t<\/div>\n\t\t\t\t\t<\/div>\n\t\t<\/div>\n\t\t\t\t\t<\/div>\n\t\t<\/section>\n\t\t\t\t<section class=\"elementor-section elementor-top-section elementor-element elementor-element-183c181 elementor-section-boxed elementor-section-height-default elementor-section-height-default\" data-id=\"183c181\" data-element_type=\"section\" data-e-type=\"section\">\n\t\t\t\t\t\t<div class=\"elementor-container elementor-column-gap-default\">\n\t\t\t\t\t<div class=\"elementor-column elementor-col-100 elementor-top-column elementor-element elementor-element-591af69\" data-id=\"591af69\" data-element_type=\"column\" data-e-type=\"column\">\n\t\t\t<div class=\"elementor-widget-wrap elementor-element-populated\">\n\t\t\t\t\t\t<div class=\"elementor-element elementor-element-35f0548 elementor-widget elementor-widget-spacer\" data-id=\"35f0548\" data-element_type=\"widget\" data-e-type=\"widget\" data-widget_type=\"spacer.default\">\n\t\t\t\t<div class=\"elementor-widget-container\">\n\t\t\t\t\t\t\t<div class=\"elementor-spacer\">\n\t\t\t<div class=\"elementor-spacer-inner\"><\/div>\n\t\t<\/div>\n\t\t\t\t\t\t<\/div>\n\t\t\t\t<\/div>\n\t\t\t\t\t<\/div>\n\t\t<\/div>\n\t\t\t\t\t<\/div>\n\t\t<\/section>\n\t\t\t\t<section class=\"elementor-section elementor-top-section elementor-element elementor-element-dd59df7 elementor-section-boxed elementor-section-height-default elementor-section-height-default\" data-id=\"dd59df7\" data-element_type=\"section\" data-e-type=\"section\">\n\t\t\t\t\t\t<div class=\"elementor-container elementor-column-gap-default\">\n\t\t\t\t\t<div class=\"elementor-column elementor-col-33 elementor-top-column elementor-element elementor-element-3904570\" data-id=\"3904570\" data-element_type=\"column\" data-e-type=\"column\">\n\t\t\t<div class=\"elementor-widget-wrap elementor-element-populated\">\n\t\t\t\t\t\t<div class=\"elementor-element elementor-element-93e4480 elementor-widget elementor-widget-heading\" data-id=\"93e4480\" data-element_type=\"widget\" data-e-type=\"widget\" data-widget_type=\"heading.default\">\n\t\t\t\t<div class=\"elementor-widget-container\">\n\t\t\t\t\t<h2 class=\"elementor-heading-title elementor-size-default\">Argentina<\/h2>\t\t\t\t<\/div>\n\t\t\t\t<\/div>\n\t\t\t\t<div class=\"elementor-element elementor-element-c4663d4 elementor-widget elementor-widget-image\" data-id=\"c4663d4\" data-element_type=\"widget\" data-e-type=\"widget\" data-widget_type=\"image.default\">\n\t\t\t\t<div class=\"elementor-widget-container\">\n\t\t\t\t\t\t\t\t\t\t\t\t\t\t\t<img fetchpriority=\"high\" decoding=\"async\" data-attachment-id=\"4549\" data-permalink=\"https:\/\/traccion4x4peru.com\/offroad\/foto15\/\" data-orig-file=\"https:\/\/i0.wp.com\/traccion4x4peru.com\/offroad\/wp-content\/uploads\/2022\/07\/foto15.jpg?fit=500%2C500&amp;ssl=1\" data-orig-size=\"500,500\" data-comments-opened=\"1\" data-image-meta=\"{&quot;aperture&quot;:&quot;0&quot;,&quot;credit&quot;:&quot;&quot;,&quot;camera&quot;:&quot;&quot;,&quot;caption&quot;:&quot;&quot;,&quot;created_timestamp&quot;:&quot;0&quot;,&quot;copyright&quot;:&quot;Tous droits reserves&quot;,&quot;focal_length&quot;:&quot;0&quot;,&quot;iso&quot;:&quot;0&quot;,&quot;shutter_speed&quot;:&quot;0&quot;,&quot;title&quot;:&quot;&quot;,&quot;orientation&quot;:&quot;0&quot;}\" data-image-title=\"Traccion 4&amp;#215;4 Per\u00fa\u00a9\" data-image-description=\"&lt;p&gt;Traccion 4&amp;#215;4 Per\u00fa\u00a9&lt;\/p&gt;\n\" data-image-caption=\"\" data-large-file=\"https:\/\/i0.wp.com\/traccion4x4peru.com\/offroad\/wp-content\/uploads\/2022\/07\/foto15.jpg?fit=500%2C500&amp;ssl=1\" width=\"500\" height=\"500\" src=\"https:\/\/i0.wp.com\/traccion4x4peru.com\/offroad\/wp-content\/uploads\/2022\/07\/foto15.jpg?fit=500%2C500&amp;ssl=1\" class=\"attachment-large size-large wp-image-4549\" alt=\"Traccion 4x4 Per\u00fa\u00a9\" srcset=\"https:\/\/i0.wp.com\/traccion4x4peru.com\/offroad\/wp-content\/uploads\/2022\/07\/foto15.jpg?w=500&amp;ssl=1 500w, https:\/\/i0.wp.com\/traccion4x4peru.com\/offroad\/wp-content\/uploads\/2022\/07\/foto15.jpg?resize=300%2C300&amp;ssl=1 300w, https:\/\/i0.wp.com\/traccion4x4peru.com\/offroad\/wp-content\/uploads\/2022\/07\/foto15.jpg?resize=150%2C150&amp;ssl=1 150w\" sizes=\"(max-width: 500px) 100vw, 500px\" data-attachment-id=\"4549\" data-permalink=\"https:\/\/traccion4x4peru.com\/offroad\/foto15\/\" data-orig-file=\"https:\/\/i0.wp.com\/traccion4x4peru.com\/offroad\/wp-content\/uploads\/2022\/07\/foto15.jpg?fit=500%2C500&amp;ssl=1\" data-orig-size=\"500,500\" data-comments-opened=\"1\" data-image-meta=\"{&quot;aperture&quot;:&quot;0&quot;,&quot;credit&quot;:&quot;&quot;,&quot;camera&quot;:&quot;&quot;,&quot;caption&quot;:&quot;&quot;,&quot;created_timestamp&quot;:&quot;0&quot;,&quot;copyright&quot;:&quot;Tous droits reserves&quot;,&quot;focal_length&quot;:&quot;0&quot;,&quot;iso&quot;:&quot;0&quot;,&quot;shutter_speed&quot;:&quot;0&quot;,&quot;title&quot;:&quot;&quot;,&quot;orientation&quot;:&quot;0&quot;}\" data-image-title=\"Traccion 4&amp;#215;4 Per\u00fa\u00a9\" data-image-description=\"&lt;p&gt;Traccion 4&amp;#215;4 Per\u00fa\u00a9&lt;\/p&gt;\n\" data-image-caption=\"\" data-large-file=\"https:\/\/i0.wp.com\/traccion4x4peru.com\/offroad\/wp-content\/uploads\/2022\/07\/foto15.jpg?fit=500%2C500&amp;ssl=1\" \/>\t\t\t\t\t\t\t\t\t\t\t\t\t\t\t<\/div>\n\t\t\t\t<\/div>\n\t\t\t\t<div class=\"elementor-element elementor-element-33c567b elementor-widget elementor-widget-text-editor\" data-id=\"33c567b\" data-element_type=\"widget\" data-e-type=\"widget\" data-widget_type=\"text-editor.default\">\n\t\t\t\t<div class=\"elementor-widget-container\">\n\t\t\t\t\t\t\t\t\t<p style=\"text-align: center;\">Valles Calchaqu\u00edes<\/p>\t\t\t\t\t\t\t\t<\/div>\n\t\t\t\t<\/div>\n\t\t\t\t<div class=\"elementor-element elementor-element-f65f0f2 elementor-widget elementor-widget-spacer\" data-id=\"f65f0f2\" data-element_type=\"widget\" data-e-type=\"widget\" data-widget_type=\"spacer.default\">\n\t\t\t\t<div class=\"elementor-widget-container\">\n\t\t\t\t\t\t\t<div class=\"elementor-spacer\">\n\t\t\t<div class=\"elementor-spacer-inner\"><\/div>\n\t\t<\/div>\n\t\t\t\t\t\t<\/div>\n\t\t\t\t<\/div>\n\t\t\t\t\t<\/div>\n\t\t<\/div>\n\t\t\t\t<div class=\"elementor-column elementor-col-33 elementor-top-column elementor-element elementor-element-250e2d4\" data-id=\"250e2d4\" data-element_type=\"column\" data-e-type=\"column\">\n\t\t\t<div class=\"elementor-widget-wrap elementor-element-populated\">\n\t\t\t\t\t\t<div class=\"elementor-element elementor-element-544af0b elementor-widget elementor-widget-heading\" data-id=\"544af0b\" data-element_type=\"widget\" data-e-type=\"widget\" data-widget_type=\"heading.default\">\n\t\t\t\t<div class=\"elementor-widget-container\">\n\t\t\t\t\t<h2 class=\"elementor-heading-title elementor-size-default\">Bolivia<\/h2>\t\t\t\t<\/div>\n\t\t\t\t<\/div>\n\t\t\t\t<div class=\"elementor-element elementor-element-3228692 elementor-widget elementor-widget-image\" data-id=\"3228692\" data-element_type=\"widget\" data-e-type=\"widget\" data-widget_type=\"image.default\">\n\t\t\t\t<div class=\"elementor-widget-container\">\n\t\t\t\t\t\t\t\t\t\t\t\t\t\t\t<img decoding=\"async\" data-attachment-id=\"4552\" data-permalink=\"https:\/\/traccion4x4peru.com\/offroad\/foto17\/\" data-orig-file=\"https:\/\/i0.wp.com\/traccion4x4peru.com\/offroad\/wp-content\/uploads\/2022\/07\/foto17.jpg?fit=500%2C500&amp;ssl=1\" data-orig-size=\"500,500\" data-comments-opened=\"1\" data-image-meta=\"{&quot;aperture&quot;:&quot;0&quot;,&quot;credit&quot;:&quot;&quot;,&quot;camera&quot;:&quot;&quot;,&quot;caption&quot;:&quot;&quot;,&quot;created_timestamp&quot;:&quot;0&quot;,&quot;copyright&quot;:&quot;&quot;,&quot;focal_length&quot;:&quot;0&quot;,&quot;iso&quot;:&quot;0&quot;,&quot;shutter_speed&quot;:&quot;0&quot;,&quot;title&quot;:&quot;&quot;,&quot;orientation&quot;:&quot;0&quot;}\" data-image-title=\"Traccion 4&amp;#215;4 Per\u00fa\u00a9\" data-image-description=\"&lt;p&gt;Traccion 4&amp;#215;4 Per\u00fa\u00a9&lt;\/p&gt;\n\" data-image-caption=\"\" data-large-file=\"https:\/\/i0.wp.com\/traccion4x4peru.com\/offroad\/wp-content\/uploads\/2022\/07\/foto17.jpg?fit=500%2C500&amp;ssl=1\" width=\"500\" height=\"500\" src=\"https:\/\/i0.wp.com\/traccion4x4peru.com\/offroad\/wp-content\/uploads\/2022\/07\/foto17.jpg?fit=500%2C500&amp;ssl=1\" class=\"attachment-large size-large wp-image-4552\" alt=\"Traccion 4x4 Per\u00fa\u00a9\" srcset=\"https:\/\/i0.wp.com\/traccion4x4peru.com\/offroad\/wp-content\/uploads\/2022\/07\/foto17.jpg?w=500&amp;ssl=1 500w, https:\/\/i0.wp.com\/traccion4x4peru.com\/offroad\/wp-content\/uploads\/2022\/07\/foto17.jpg?resize=300%2C300&amp;ssl=1 300w, https:\/\/i0.wp.com\/traccion4x4peru.com\/offroad\/wp-content\/uploads\/2022\/07\/foto17.jpg?resize=150%2C150&amp;ssl=1 150w\" sizes=\"(max-width: 500px) 100vw, 500px\" data-attachment-id=\"4552\" data-permalink=\"https:\/\/traccion4x4peru.com\/offroad\/foto17\/\" data-orig-file=\"https:\/\/i0.wp.com\/traccion4x4peru.com\/offroad\/wp-content\/uploads\/2022\/07\/foto17.jpg?fit=500%2C500&amp;ssl=1\" data-orig-size=\"500,500\" data-comments-opened=\"1\" data-image-meta=\"{&quot;aperture&quot;:&quot;0&quot;,&quot;credit&quot;:&quot;&quot;,&quot;camera&quot;:&quot;&quot;,&quot;caption&quot;:&quot;&quot;,&quot;created_timestamp&quot;:&quot;0&quot;,&quot;copyright&quot;:&quot;&quot;,&quot;focal_length&quot;:&quot;0&quot;,&quot;iso&quot;:&quot;0&quot;,&quot;shutter_speed&quot;:&quot;0&quot;,&quot;title&quot;:&quot;&quot;,&quot;orientation&quot;:&quot;0&quot;}\" data-image-title=\"Traccion 4&amp;#215;4 Per\u00fa\u00a9\" data-image-description=\"&lt;p&gt;Traccion 4&amp;#215;4 Per\u00fa\u00a9&lt;\/p&gt;\n\" data-image-caption=\"\" data-large-file=\"https:\/\/i0.wp.com\/traccion4x4peru.com\/offroad\/wp-content\/uploads\/2022\/07\/foto17.jpg?fit=500%2C500&amp;ssl=1\" \/>\t\t\t\t\t\t\t\t\t\t\t\t\t\t\t<\/div>\n\t\t\t\t<\/div>\n\t\t\t\t<div class=\"elementor-element elementor-element-06e066d elementor-widget elementor-widget-text-editor\" data-id=\"06e066d\" data-element_type=\"widget\" data-e-type=\"widget\" data-widget_type=\"text-editor.default\">\n\t\t\t\t<div class=\"elementor-widget-container\">\n\t\t\t\t\t\t\t\t\t<p style=\"text-align: center;\">Salar de Uyuni<\/p>\t\t\t\t\t\t\t\t<\/div>\n\t\t\t\t<\/div>\n\t\t\t\t<div class=\"elementor-element elementor-element-4628d51 elementor-widget elementor-widget-spacer\" data-id=\"4628d51\" data-element_type=\"widget\" data-e-type=\"widget\" data-widget_type=\"spacer.default\">\n\t\t\t\t<div class=\"elementor-widget-container\">\n\t\t\t\t\t\t\t<div class=\"elementor-spacer\">\n\t\t\t<div class=\"elementor-spacer-inner\"><\/div>\n\t\t<\/div>\n\t\t\t\t\t\t<\/div>\n\t\t\t\t<\/div>\n\t\t\t\t\t<\/div>\n\t\t<\/div>\n\t\t\t\t<div class=\"elementor-column elementor-col-33 elementor-top-column elementor-element elementor-element-65495f1\" data-id=\"65495f1\" data-element_type=\"column\" data-e-type=\"column\">\n\t\t\t<div class=\"elementor-widget-wrap elementor-element-populated\">\n\t\t\t\t\t\t<div class=\"elementor-element elementor-element-5ada78f elementor-widget elementor-widget-heading\" data-id=\"5ada78f\" data-element_type=\"widget\" data-e-type=\"widget\" data-widget_type=\"heading.default\">\n\t\t\t\t<div class=\"elementor-widget-container\">\n\t\t\t\t\t<h2 class=\"elementor-heading-title elementor-size-default\">Chile<\/h2>\t\t\t\t<\/div>\n\t\t\t\t<\/div>\n\t\t\t\t<div class=\"elementor-element elementor-element-e16676c elementor-widget elementor-widget-image\" data-id=\"e16676c\" data-element_type=\"widget\" data-e-type=\"widget\" data-widget_type=\"image.default\">\n\t\t\t\t<div class=\"elementor-widget-container\">\n\t\t\t\t\t\t\t\t\t\t\t\t\t\t\t<img decoding=\"async\" data-attachment-id=\"4548\" data-permalink=\"https:\/\/traccion4x4peru.com\/offroad\/foto16\/\" data-orig-file=\"https:\/\/i0.wp.com\/traccion4x4peru.com\/offroad\/wp-content\/uploads\/2022\/07\/foto16.jpg?fit=500%2C500&amp;ssl=1\" data-orig-size=\"500,500\" data-comments-opened=\"1\" data-image-meta=\"{&quot;aperture&quot;:&quot;0&quot;,&quot;credit&quot;:&quot;&quot;,&quot;camera&quot;:&quot;&quot;,&quot;caption&quot;:&quot;&quot;,&quot;created_timestamp&quot;:&quot;0&quot;,&quot;copyright&quot;:&quot;&quot;,&quot;focal_length&quot;:&quot;0&quot;,&quot;iso&quot;:&quot;0&quot;,&quot;shutter_speed&quot;:&quot;0&quot;,&quot;title&quot;:&quot;&quot;,&quot;orientation&quot;:&quot;0&quot;}\" data-image-title=\"Traccion 4&amp;#215;4 Per\u00fa\u00a9\" data-image-description=\"&lt;p&gt;Traccion 4&amp;#215;4 Per\u00fa\u00a9&lt;\/p&gt;\n\" data-image-caption=\"\" data-large-file=\"https:\/\/i0.wp.com\/traccion4x4peru.com\/offroad\/wp-content\/uploads\/2022\/07\/foto16.jpg?fit=500%2C500&amp;ssl=1\" width=\"500\" height=\"500\" src=\"https:\/\/i0.wp.com\/traccion4x4peru.com\/offroad\/wp-content\/uploads\/2022\/07\/foto16.jpg?fit=500%2C500&amp;ssl=1\" class=\"attachment-large size-large wp-image-4548\" alt=\"Traccion 4x4 Per\u00fa\u00a9\" srcset=\"https:\/\/i0.wp.com\/traccion4x4peru.com\/offroad\/wp-content\/uploads\/2022\/07\/foto16.jpg?w=500&amp;ssl=1 500w, https:\/\/i0.wp.com\/traccion4x4peru.com\/offroad\/wp-content\/uploads\/2022\/07\/foto16.jpg?resize=300%2C300&amp;ssl=1 300w, https:\/\/i0.wp.com\/traccion4x4peru.com\/offroad\/wp-content\/uploads\/2022\/07\/foto16.jpg?resize=150%2C150&amp;ssl=1 150w\" sizes=\"(max-width: 500px) 100vw, 500px\" data-attachment-id=\"4548\" data-permalink=\"https:\/\/traccion4x4peru.com\/offroad\/foto16\/\" data-orig-file=\"https:\/\/i0.wp.com\/traccion4x4peru.com\/offroad\/wp-content\/uploads\/2022\/07\/foto16.jpg?fit=500%2C500&amp;ssl=1\" data-orig-size=\"500,500\" data-comments-opened=\"1\" data-image-meta=\"{&quot;aperture&quot;:&quot;0&quot;,&quot;credit&quot;:&quot;&quot;,&quot;camera&quot;:&quot;&quot;,&quot;caption&quot;:&quot;&quot;,&quot;created_timestamp&quot;:&quot;0&quot;,&quot;copyright&quot;:&quot;&quot;,&quot;focal_length&quot;:&quot;0&quot;,&quot;iso&quot;:&quot;0&quot;,&quot;shutter_speed&quot;:&quot;0&quot;,&quot;title&quot;:&quot;&quot;,&quot;orientation&quot;:&quot;0&quot;}\" data-image-title=\"Traccion 4&amp;#215;4 Per\u00fa\u00a9\" data-image-description=\"&lt;p&gt;Traccion 4&amp;#215;4 Per\u00fa\u00a9&lt;\/p&gt;\n\" data-image-caption=\"\" data-large-file=\"https:\/\/i0.wp.com\/traccion4x4peru.com\/offroad\/wp-content\/uploads\/2022\/07\/foto16.jpg?fit=500%2C500&amp;ssl=1\" \/>\t\t\t\t\t\t\t\t\t\t\t\t\t\t\t<\/div>\n\t\t\t\t<\/div>\n\t\t\t\t<div class=\"elementor-element elementor-element-b193452 elementor-widget elementor-widget-text-editor\" data-id=\"b193452\" data-element_type=\"widget\" data-e-type=\"widget\" data-widget_type=\"text-editor.default\">\n\t\t\t\t<div class=\"elementor-widget-container\">\n\t\t\t\t\t\t\t\t\t<p style=\"text-align: center;\">Desierto de Atacama<\/p>\t\t\t\t\t\t\t\t<\/div>\n\t\t\t\t<\/div>\n\t\t\t\t<div class=\"elementor-element elementor-element-0ca48a9 elementor-widget elementor-widget-spacer\" data-id=\"0ca48a9\" data-element_type=\"widget\" data-e-type=\"widget\" data-widget_type=\"spacer.default\">\n\t\t\t\t<div class=\"elementor-widget-container\">\n\t\t\t\t\t\t\t<div class=\"elementor-spacer\">\n\t\t\t<div class=\"elementor-spacer-inner\"><\/div>\n\t\t<\/div>\n\t\t\t\t\t\t<\/div>\n\t\t\t\t<\/div>\n\t\t\t\t\t<\/div>\n\t\t<\/div>\n\t\t\t\t\t<\/div>\n\t\t<\/section>\n\t\t\t\t<section class=\"elementor-section elementor-top-section elementor-element elementor-element-e925782 elementor-section-boxed elementor-section-height-default elementor-section-height-default\" data-id=\"e925782\" data-element_type=\"section\" data-e-type=\"section\">\n\t\t\t\t\t\t<div class=\"elementor-container elementor-column-gap-default\">\n\t\t\t\t\t<div class=\"elementor-column elementor-col-100 elementor-top-column elementor-element elementor-element-27f1ed3\" data-id=\"27f1ed3\" data-element_type=\"column\" data-e-type=\"column\">\n\t\t\t<div class=\"elementor-widget-wrap elementor-element-populated\">\n\t\t\t\t\t\t<div class=\"elementor-element elementor-element-7c1d59a elementor-widget elementor-widget-text-editor\" data-id=\"7c1d59a\" data-element_type=\"widget\" data-e-type=\"widget\" data-widget_type=\"text-editor.default\">\n\t\t\t\t<div class=\"elementor-widget-container\">\n\t\t\t\t\t\t\t\t\t<p><a href=\"https:\/\/traccion4x4peru.com\/\" target=\"_blank\" rel=\"noopener\">Tracci\u00f3n 4\u00d74\u00a9 by JCCS<\/a> Preparamos los recorridos a tu gusto. Escr\u00edbenos y haremos que tu viaje sea exactamente como lo imaginaste.<\/p>\t\t\t\t\t\t\t\t<\/div>\n\t\t\t\t<\/div>\n\t\t\t\t\t<\/div>\n\t\t<\/div>\n\t\t\t\t\t<\/div>\n\t\t<\/section>\n\t\t\t\t<section class=\"elementor-section elementor-top-section elementor-element elementor-element-0c06bfc elementor-section-boxed elementor-section-height-default elementor-section-height-default\" data-id=\"0c06bfc\" data-element_type=\"section\" data-e-type=\"section\">\n\t\t\t\t\t\t<div class=\"elementor-container elementor-column-gap-default\">\n\t\t\t\t\t<div class=\"elementor-column elementor-col-100 elementor-top-column elementor-element elementor-element-0ba624e\" data-id=\"0ba624e\" data-element_type=\"column\" data-e-type=\"column\">\n\t\t\t<div class=\"elementor-widget-wrap elementor-element-populated\">\n\t\t\t\t\t\t<div class=\"elementor-element elementor-element-8bd91c6 elementor-widget elementor-widget-spacer\" data-id=\"8bd91c6\" data-element_type=\"widget\" data-e-type=\"widget\" data-widget_type=\"spacer.default\">\n\t\t\t\t<div class=\"elementor-widget-container\">\n\t\t\t\t\t\t\t<div class=\"elementor-spacer\">\n\t\t\t<div class=\"elementor-spacer-inner\"><\/div>\n\t\t<\/div>\n\t\t\t\t\t\t<\/div>\n\t\t\t\t<\/div>\n\t\t\t\t\t<\/div>\n\t\t<\/div>\n\t\t\t\t\t<\/div>\n\t\t<\/section>\n\t\t\t\t<\/div>\n\t\t","protected":false},"excerpt":{"rendered":"<p>Expediciones VIP Internacionales Sudam\u00e9rica es el escenario ideal para los apasionados del formato Overland. Su geograf\u00eda diversa despliega una impresionante variedad de paisajes que invitan a la exploraci\u00f3n activa, aut\u00e9ntica y segura. Te&nbsp;ofrecemos la oportunidad de recorrer estos rincones poco conocidos, con el respaldo de a\u00f1os de experiencia en expediciones reales. Pero hay algo que<br \/><a class=\"moretag\" href=\"https:\/\/traccion4x4peru.com\/offroad\/sudamerica-xp\/\">+ Read More<\/a><\/p>\n","protected":false},"author":1,"featured_media":4556,"parent":0,"menu_order":0,"comment_status":"closed","ping_status":"closed","template":"templates\/page-builder.php","meta":{"footnotes":""},"class_list":["post-4687","page","type-page","status-publish","has-post-thumbnail","hentry"],"jetpack_shortlink":"https:\/\/wp.me\/Pe7bBa-1dB","jetpack_sharing_enabled":true,"_links":{"self":[{"href":"https:\/\/traccion4x4peru.com\/offroad\/wp-json\/wp\/v2\/pages\/4687","targetHints":{"allow":["GET"]}}],"collection":[{"href":"https:\/\/traccion4x4peru.com\/offroad\/wp-json\/wp\/v2\/pages"}],"about":[{"href":"https:\/\/traccion4x4peru.com\/offroad\/wp-json\/wp\/v2\/types\/page"}],"author":[{"embeddable":true,"href":"https:\/\/traccion4x4peru.com\/offroad\/wp-json\/wp\/v2\/users\/1"}],"replies":[{"embeddable":true,"href":"https:\/\/traccion4x4peru.com\/offroad\/wp-json\/wp\/v2\/comments?post=4687"}],"version-history":[{"count":119,"href":"https:\/\/traccion4x4peru.com\/offroad\/wp-json\/wp\/v2\/pages\/4687\/revisions"}],"predecessor-version":[{"id":7158,"href":"https:\/\/traccion4x4peru.com\/offroad\/wp-json\/wp\/v2\/pages\/4687\/revisions\/7158"}],"wp:featuredmedia":[{"embeddable":true,"href":"https:\/\/traccion4x4peru.com\/offroad\/wp-json\/wp\/v2\/media\/4556"}],"wp:attachment":[{"href":"https:\/\/traccion4x4peru.com\/offroad\/wp-json\/wp\/v2\/media?parent=4687"}],"curies":[{"name":"wp","href":"https:\/\/api.w.org\/{rel}","templated":true}]}}