{"id":68,"date":"2020-06-03T00:00:00","date_gmt":"2020-06-03T05:00:00","guid":{"rendered":"https:\/\/traccion4x4peru.com\/caceres.simons.jc\/?page_id=68"},"modified":"2025-06-11T19:30:57","modified_gmt":"2025-06-12T00:30:57","slug":"juan-carlos-caceres-simons","status":"publish","type":"page","link":"https:\/\/traccion4x4peru.com\/caceres.simons.jc\/juan-carlos-caceres-simons\/","title":{"rendered":"Juan Carlos C\u00e1ceres Simons"},"content":{"rendered":"\r\n<h5 style=\"text-align: left;\"><strong>Bienvenido a mi blog, bienvenido al mundo de la actividad Off Road 4&#215;4.<\/strong><\/h5>\r\n\r\n\r\n\r\n<h6 style=\"text-align: left;\">Soy Juan Carlos C\u00e1ceres Simons, peruano, fundador de <a title=\"Tracci\u00f3n 4x4 Per\u00fa\u00a9\" href=\"https:\/\/traccion4x4peru.com\/\" target=\"_blank\" rel=\"noopener\">Tracci\u00f3n 4&#215;4 Per\u00fa<strong>\u00a9<\/strong><\/a>, empresa dedicada a atender diferentes actividades relacionadas al uso de veh\u00edculos doble tracci\u00f3n.<\/h6>\r\n\r\n\r\n\r\n<p style=\"text-align: left;\">Mediante este espacio, te comparto informaci\u00f3n valiosa acerca del manejo y uso de veh\u00edculos 4&#215;4. Todo lo que publico aqu\u00ed es informaci\u00f3n vertida de mi propia experiencia, con sustento t\u00e9cnico y que he comprobado antes de publicar. Adem\u00e1s, incluyo cr\u00f3nicas de nuestros viajes y de mi actividad deportiva. Espero lo disfrutes.<strong><br \/><\/strong><\/p>\r\n\r\n\r\n\r\n<p style=\"text-align: left;\">\u00bfQu\u00e9 hago? \u00bfA qu\u00e9 me dedico? \u00bfQui\u00e9n soy?<\/p>\r\n\r\n\r\n\r\n\r\n\r\n<p style=\"text-align: left;\"><em>\u2013 Director de <a href=\"https:\/\/traccion4x4peru.com\/\" target=\"_blank\" rel=\"noopener\">Tracci\u00f3n 4&#215;4 Per\u00fa\u00a9<\/a><br \/>\u2013 Experto en\u00a0Manejo de\u00a0Veh\u00edculos.<\/em><em><br \/>\u2013 Instructor Senior en Manejo 4\u00d74.<br \/>\u2013 Especialista en Seguridad Vial.<br \/>\u2013 Especialista en Supervisi\u00f3n de\u00a0Seguridad y Salud en el Trabajo.<br \/>\u2013 Especialista en\u00a0Turismo de\u00a0Aventura 4\u00d74.<br \/>\u2013 Piloto Profesional de Rally Cross Country.<br \/>\u2013 Ciclista Profesional en la modalidad de XC-Marat\u00f3n.<br \/><\/em><\/p>\r\n<p style=\"text-align: left;\"><em>\u2013 Consultor t\u00e9cnico comercial\u00a0para\u00a0uso de veh\u00edculos 4\u00d74.<\/em><em><br \/>\u2013\u00a0L\u00edder de opini\u00f3n en la comunidad 4\u00d74 nacional.<br \/>\u2013 Escritor y columnista en diferentes blogs, revistas y diarios de circulaci\u00f3n nacional.<br \/>\u2013\u00a0Creador de\u00a0<a href=\"http:\/\/www.safetyfirstperu.com\/\" target=\"_blank\" rel=\"noopener\">Safety First Per\u00fa\u00a9<\/a>, soluciones para el uso seguro de veh\u00edculos.<br \/>\u2013 Autor del <a href=\"https:\/\/traccion4x4peru.com\/training\/\" target=\"_blank\" rel=\"noopener\">Sistema MSD\u00a9<\/a> Manejo Seguro y Defensivo de Veh\u00edculos.<\/em><\/p>\r\n<p style=\"text-align: left;\"><em>\u2013 Gu\u00eda de traves\u00edas 4\u00d74 y expediciones off road en Per\u00fa y Sudam\u00e9rica, desde el 2000.<\/em><em><br \/>\u2013\u00a0Instructor en\u00a0manejo de veh\u00edculos\u00a04\u00d74, desde el 2002.<br \/>\u2013 Capacitador de instructores de manejo para empresas mineras, desde\u00a0el\u00a02012.<br \/>\u2013 Instructor de manejo de veh\u00edculos utilitarios de trabajo UTV, desde el 2013.<br \/>\u2013 Piloto de pruebas y test drives para diferentes marcas de veh\u00edculos, desde el 2008.<br \/>\u2013 Especialista en dise\u00f1o de circuitos para instrucci\u00f3n y prueba de veh\u00edculos.<br \/>\u2013\u00a0Experto en navegaci\u00f3n e instructor en\u00a0el uso de cartograf\u00eda y equipos GPS.<br \/>\u2013 Preparador y especialista en equipamiento de veh\u00edculos 4\u00d74.<br \/>\u2013 Miembro del National Safety Council (EE.UU) 2008\u00a0\u2013\u00a02016.<br \/>\u2013 L\u00edder de\u00a0viajes empresariales\u00a0a bordo de veh\u00edculos doble tracci\u00f3n.<br \/>\u2013 Organizador de actividades de recreaci\u00f3n 4\u00d74 para\u00a0diferentes empresas\u00a0del pa\u00eds.<br \/>\u2013 Organizador de eventos y competencias deportivas.<br \/><\/em><\/p>\r\n<p style=\"text-align: left;\"><em>\u2013 He realizado trazos para carreteras con gobiernos regionales y empresas privadas.<\/em><em><br \/>\u2013 He participado como piloto profesional, en el Rally Dakar en los a\u00f1os 2011 y 2012.<br \/>\u2013 He participado en diferentes pruebas automovil\u00edsticas a nivel nacional e internacional.<br \/>\u2013 He participado en diferentes pruebas de ciclismo a nivel nacional e internacional.<\/em><\/p>\r\n<h6 style=\"text-align: left;\"><em><strong>&#8230;25 a\u00f1os marcando la huella 4&#215;4.<\/strong><\/em><\/h6>\r\n\r\n\r\n\r\n<figure><img data-recalc-dims=\"1\" decoding=\"async\" src=\"https:\/\/i0.wp.com\/traccion4x4peru.com\/caceres.simons.jc\/wp-content\/uploads\/2019\/08\/202.jpg?w=780&#038;ssl=1\" alt=\"\"><\/figure>\r\n\r\n\r\n\r\n<p>Visita <a href=\"https:\/\/www.traccion4x4peru.com\" target=\"_blank\" rel=\"noopener\">Tracci\u00f3n 4&#215;4 Per\u00fa\u00a9<\/a> para conocer m\u00e1s acerca de nuestras actividades.<\/p>\r\n","protected":false},"excerpt":{"rendered":"<p>Bienvenido a mi blog, bienvenido al mundo de la actividad Off Road 4&#215;4. Soy Juan Carlos C\u00e1ceres Simons, peruano, fundador de Tracci\u00f3n 4&#215;4 Per\u00fa\u00a9, empresa dedicada a atender diferentes actividades relacionadas al uso de veh\u00edculos doble tracci\u00f3n. Mediante este espacio, te comparto informaci\u00f3n valiosa acerca del manejo y uso de veh\u00edculos 4&#215;4. Todo lo que <a class=\"more-link\" href=\"https:\/\/traccion4x4peru.com\/caceres.simons.jc\/juan-carlos-caceres-simons\/\">Leer m\u00e1s &#8230;<\/a><\/p>\n","protected":false},"author":1,"featured_media":300,"parent":0,"menu_order":0,"comment_status":"closed","ping_status":"closed","template":"","meta":{"jetpack_post_was_ever_published":false,"footnotes":""},"class_list":["post-68","page","type-page","status-publish","has-post-thumbnail","hentry"],"jetpack_shortlink":"https:\/\/wp.me\/PbLdD4-16","jetpack_sharing_enabled":true,"jetpack_likes_enabled":true,"_links":{"self":[{"href":"https:\/\/traccion4x4peru.com\/caceres.simons.jc\/wp-json\/wp\/v2\/pages\/68","targetHints":{"allow":["GET"]}}],"collection":[{"href":"https:\/\/traccion4x4peru.com\/caceres.simons.jc\/wp-json\/wp\/v2\/pages"}],"about":[{"href":"https:\/\/traccion4x4peru.com\/caceres.simons.jc\/wp-json\/wp\/v2\/types\/page"}],"author":[{"embeddable":true,"href":"https:\/\/traccion4x4peru.com\/caceres.simons.jc\/wp-json\/wp\/v2\/users\/1"}],"replies":[{"embeddable":true,"href":"https:\/\/traccion4x4peru.com\/caceres.simons.jc\/wp-json\/wp\/v2\/comments?post=68"}],"version-history":[{"count":68,"href":"https:\/\/traccion4x4peru.com\/caceres.simons.jc\/wp-json\/wp\/v2\/pages\/68\/revisions"}],"predecessor-version":[{"id":762,"href":"https:\/\/traccion4x4peru.com\/caceres.simons.jc\/wp-json\/wp\/v2\/pages\/68\/revisions\/762"}],"wp:featuredmedia":[{"embeddable":true,"href":"https:\/\/traccion4x4peru.com\/caceres.simons.jc\/wp-json\/wp\/v2\/media\/300"}],"wp:attachment":[{"href":"https:\/\/traccion4x4peru.com\/caceres.simons.jc\/wp-json\/wp\/v2\/media?parent=68"}],"curies":[{"name":"wp","href":"https:\/\/api.w.org\/{rel}","templated":true}]}}